{"id":128,"date":"2023-01-17T17:21:55","date_gmt":"2023-01-17T16:21:55","guid":{"rendered":"https:\/\/adsh-hg.org\/?page_id=128"},"modified":"2026-05-12T12:30:06","modified_gmt":"2026-05-12T10:30:06","slug":"accueil-2","status":"publish","type":"page","link":"https:\/\/adsh-hg.org\/","title":{"rendered":"ACCUEIL"},"content":{"rendered":"\r\n<p>\u00a0<\/p>\r\n\r\n<p><strong>L\u2019Adsh-HG<\/strong>\u00a0 a \u00e9t\u00e9 cr\u00e9\u00e9e pour s\u2019opposer \u00e0 \u00ab\u00a0<em>l\u2019arr\u00eat\u00e9 de p\u00e9ril imminent<\/em>\u00a0\u00bb pris par le maire de la commune de Gauriac (33710) \u00e0 la demande du Pr\u00e9fet, face \u00e0 la menace d\u2019effondrement de certaines carri\u00e8res du hameau de Perrinque obligeant les propri\u00e9taires \u00e0 quitter leur maison.<\/p>\r\n<p>\r\n\r\n<\/p>\r\n<p>Le but \u00e9tait d\u2019organiser la d\u00e9fense pour prot\u00e9ger les propri\u00e9taires fonciers du secteur impact\u00e9, expuls\u00e9s d\u2019autorit\u00e9 de chez eux et pour que d\u2019autres ne subissent pas de telles mesures administratives difficiles \u00e0 vivre pour les familles touch\u00e9es.<\/p>\r\n<p>\r\n\r\n<\/p>\r\n<p>Depuis l\u2019association s\u2019est structur\u00e9e et m\u00e8ne des actions pour la d\u00e9fense de l\u2019environnement, notamment contre le Projet de contournement autoroutier de Bordeaux, les plans de pr\u00e9ventions des risques (PPR-MT carri\u00e8res et mouvements de terrains), la Commission locale d\u2019information nucl\u00e9aire (<a href=\"https:\/\/adsh-hg.org\/?p=26\" target=\"_blank\" rel=\"noopener\">CLIN)<\/a>, et la Commission de suivi des sites (CSS) pour les usines class\u00e9es Seveso de la presqu\u2019\u00eele d\u2019Amb\u00e9s et de Pauillac etc..<\/p>\r\n\r\n\r\n\r\n\r\n\r\n<p>\u00a0<\/p>\r\n\r\n<p style=\"text-align: center;\">Bernard BELAIR Pr\u00e9sident de l\u2019Adsh-HG<\/p>\r\n<h1 class=\"article_maintitle lock-p\">Gauriac. Industries, carri\u00e8res, nucl\u00e9aire\u2009: l\u2019ADSH-HG face aux \u00ab\u202fal\u00e9as mortels\u202f\u00bb<\/h1>\r\n<p>\u00a0<\/p>\r\n<p><a href=\"https:\/\/adsh-hg.org\/wp-content\/uploads\/2024\/01\/centrale-1.png\" target=\"_blank\" rel=\"noopener\"><img loading=\"lazy\" decoding=\"async\" class=\"wp-image-910 aligncenter\" src=\"https:\/\/adsh-hg.org\/wp-content\/uploads\/2024\/01\/centrale-1-300x184.png\" alt=\"\" width=\"419\" height=\"257\" srcset=\"https:\/\/adsh-hg.org\/wp-content\/uploads\/2024\/01\/centrale-1-300x184.png 300w, https:\/\/adsh-hg.org\/wp-content\/uploads\/2024\/01\/centrale-1-1024x629.png 1024w, https:\/\/adsh-hg.org\/wp-content\/uploads\/2024\/01\/centrale-1-768x472.png 768w, https:\/\/adsh-hg.org\/wp-content\/uploads\/2024\/01\/centrale-1.png 1276w\" sizes=\"auto, (max-width: 419px) 100vw, 419px\" \/><\/a><a href=\"https:\/\/adsh-hg.org\/wp-content\/uploads\/2024\/01\/ambes-1.jpg\" target=\"_blank\" rel=\"noopener\"><img loading=\"lazy\" decoding=\"async\" class=\"wp-image-907 aligncenter\" src=\"https:\/\/adsh-hg.org\/wp-content\/uploads\/2024\/01\/ambes-1-300x150.jpg\" alt=\"\" width=\"414\" height=\"207\" srcset=\"https:\/\/adsh-hg.org\/wp-content\/uploads\/2024\/01\/ambes-1-300x150.jpg 300w, https:\/\/adsh-hg.org\/wp-content\/uploads\/2024\/01\/ambes-1-768x384.jpg 768w, https:\/\/adsh-hg.org\/wp-content\/uploads\/2024\/01\/ambes-1.jpg 1000w\" sizes=\"auto, (max-width: 414px) 100vw, 414px\" \/><\/a> <a href=\"https:\/\/adsh-hg.org\/wp-content\/uploads\/2024\/01\/carriere-2.jpg\" target=\"_blank\" rel=\"noopener\"><img loading=\"lazy\" decoding=\"async\" class=\"wp-image-909 aligncenter\" src=\"https:\/\/adsh-hg.org\/wp-content\/uploads\/2024\/01\/carriere-2-300x150.jpg\" alt=\"\" width=\"442\" height=\"221\" srcset=\"https:\/\/adsh-hg.org\/wp-content\/uploads\/2024\/01\/carriere-2-300x150.jpg 300w, https:\/\/adsh-hg.org\/wp-content\/uploads\/2024\/01\/carriere-2-768x384.jpg 768w, https:\/\/adsh-hg.org\/wp-content\/uploads\/2024\/01\/carriere-2.jpg 1000w\" sizes=\"auto, (max-width: 442px) 100vw, 442px\" \/><\/a><a href=\"https:\/\/adsh-hg.org\/wp-content\/uploads\/2024\/01\/carriere-2.jpg\" target=\"_blank\" rel=\"noopener\"><img loading=\"lazy\" decoding=\"async\" class=\"wp-image-906 alignnone\" src=\"https:\/\/adsh-hg.org\/wp-content\/uploads\/2024\/01\/gauriac_carriere-300x111.jpg\" alt=\"\" width=\"629\" height=\"233\" srcset=\"https:\/\/adsh-hg.org\/wp-content\/uploads\/2024\/01\/gauriac_carriere-300x111.jpg 300w, https:\/\/adsh-hg.org\/wp-content\/uploads\/2024\/01\/gauriac_carriere-768x284.jpg 768w, https:\/\/adsh-hg.org\/wp-content\/uploads\/2024\/01\/gauriac_carriere.jpg 800w\" sizes=\"auto, (max-width: 629px) 100vw, 629px\" \/><\/a><\/p>\r\n<ul>\r\n<li><a href=\"https:\/\/adsh-hg.org\/?p=1298\" target=\"_blank\" rel=\"noopener\"><strong>Compte-rendu de l\u2019AG du 28 mars 2026<\/strong><\/a><\/li>\r\n<li><a href=\"https:\/\/adsh-hg.org\/?p=1170\"><strong>Compte-rendu de l\u2019AG du 22 mars 2025<\/strong><\/a><\/li>\r\n<\/ul>\r\n<p>\u00a0<\/p>","protected":false},"excerpt":{"rendered":"<p>\u00a0 L\u2019Adsh-HG\u00a0 a \u00e9t\u00e9 cr\u00e9\u00e9e pour s\u2019opposer \u00e0 \u00ab\u00a0l\u2019arr\u00eat\u00e9 de p\u00e9ril imminent\u00a0\u00bb pris par le maire de la commune de Gauriac (33710) \u00e0 la demande du Pr\u00e9fet, face \u00e0 la menace d\u2019effondrement de certaines carri\u00e8res du hameau de Perrinque obligeant &hellip; <a href=\"https:\/\/adsh-hg.org\/\">Continuer la lecture <span class=\"meta-nav\">&rarr;<\/span><\/a><\/p>\n","protected":false},"author":1,"featured_media":0,"parent":0,"menu_order":0,"comment_status":"closed","ping_status":"closed","template":"","meta":{"footnotes":""},"class_list":["post-128","page","type-page","status-publish","hentry"],"_links":{"self":[{"href":"https:\/\/adsh-hg.org\/index.php?rest_route=\/wp\/v2\/pages\/128","targetHints":{"allow":["GET"]}}],"collection":[{"href":"https:\/\/adsh-hg.org\/index.php?rest_route=\/wp\/v2\/pages"}],"about":[{"href":"https:\/\/adsh-hg.org\/index.php?rest_route=\/wp\/v2\/types\/page"}],"author":[{"embeddable":true,"href":"https:\/\/adsh-hg.org\/index.php?rest_route=\/wp\/v2\/users\/1"}],"replies":[{"embeddable":true,"href":"https:\/\/adsh-hg.org\/index.php?rest_route=%2Fwp%2Fv2%2Fcomments&post=128"}],"version-history":[{"count":46,"href":"https:\/\/adsh-hg.org\/index.php?rest_route=\/wp\/v2\/pages\/128\/revisions"}],"predecessor-version":[{"id":1354,"href":"https:\/\/adsh-hg.org\/index.php?rest_route=\/wp\/v2\/pages\/128\/revisions\/1354"}],"wp:attachment":[{"href":"https:\/\/adsh-hg.org\/index.php?rest_route=%2Fwp%2Fv2%2Fmedia&parent=128"}],"curies":[{"name":"wp","href":"https:\/\/api.w.org\/{rel}","templated":true}]}}