{"id":291,"date":"2023-01-19T19:09:21","date_gmt":"2023-01-19T18:09:21","guid":{"rendered":"https:\/\/adsh-hg.org\/?page_id=291"},"modified":"2023-02-13T18:22:05","modified_gmt":"2023-02-13T17:22:05","slug":"dui-sommes-nous","status":"publish","type":"page","link":"https:\/\/adsh-hg.org\/?page_id=291","title":{"rendered":"QUI SOMMES NOUS?"},"content":{"rendered":"<p>Sur le territoire de la Haute-Gironde, notre association recueille les informations relatives aux risques environnementaux et industriels.<\/p>\n<p>Nous participons aux r\u00e9unions qui nous renseignent sur les mesures prises dans le cadre de la pr\u00e9vention.<\/p>\n<p><strong>Nos objectifs<\/strong>\u00a0:<\/p>\n<p>\u00catre lanceurs d\u2019alertes, \u00e0 l\u2019\u00e9coute des citoyens, et intervenir \u00e0 leur demande aupr\u00e8s des autorit\u00e9s comp\u00e9tentes pour rem\u00e9dier \u00e0 des nuisances environnementales et aux pr\u00e9judices constat\u00e9s\u00a0: pollution de l\u2019air, du sol, sonore, d\u00e9p\u00f4ts sauvages\u2026<\/p>\n<p><strong>L\u2019activit\u00e9 de l\u2019ADSH-HG se concentre sur 3 axes principaux\u00a0:<\/strong><\/p>\n<ul>\n<li>Surveillance des zones class\u00e9es SEVESO \u2013 Industries chimiques et stockages de la presqu\u2019\u00eele d\u2019Amb\u00e8s \u2013 Commune de Bayon (33710) ainsi que la zone de stockage d\u2019hydrocarbures de PAUILLAC \u00e0 la demande de la DREAL<\/li>\n<li>Surveillance des zones soumises \u00e0 la r\u00e9glementation du PPRMT \u2013 7 communes impact\u00e9es en Haute-Gironde<\/li>\n<li>Surveillance de la Centrale Nucl\u00e9aire du Blayais\u00a0: nous si\u00e9geons au bureau de la Commission Locale d\u2019Information Nucl\u00e9aire CLIN<\/li>\n<\/ul>\n","protected":false},"excerpt":{"rendered":"<p>Sur le territoire de la Haute-Gironde, notre association recueille les informations relatives aux risques environnementaux et industriels. Nous participons aux r\u00e9unions qui nous renseignent sur les mesures prises dans le cadre de la pr\u00e9vention. Nos objectifs\u00a0: \u00catre lanceurs d\u2019alertes, \u00e0 &hellip; <a href=\"https:\/\/adsh-hg.org\/?page_id=291\">Continuer la lecture <span class=\"meta-nav\">&rarr;<\/span><\/a><\/p>\n","protected":false},"author":1,"featured_media":0,"parent":0,"menu_order":0,"comment_status":"closed","ping_status":"closed","template":"","meta":{"footnotes":""},"class_list":["post-291","page","type-page","status-publish","hentry"],"_links":{"self":[{"href":"https:\/\/adsh-hg.org\/index.php?rest_route=\/wp\/v2\/pages\/291","targetHints":{"allow":["GET"]}}],"collection":[{"href":"https:\/\/adsh-hg.org\/index.php?rest_route=\/wp\/v2\/pages"}],"about":[{"href":"https:\/\/adsh-hg.org\/index.php?rest_route=\/wp\/v2\/types\/page"}],"author":[{"embeddable":true,"href":"https:\/\/adsh-hg.org\/index.php?rest_route=\/wp\/v2\/users\/1"}],"replies":[{"embeddable":true,"href":"https:\/\/adsh-hg.org\/index.php?rest_route=%2Fwp%2Fv2%2Fcomments&post=291"}],"version-history":[{"count":5,"href":"https:\/\/adsh-hg.org\/index.php?rest_route=\/wp\/v2\/pages\/291\/revisions"}],"predecessor-version":[{"id":630,"href":"https:\/\/adsh-hg.org\/index.php?rest_route=\/wp\/v2\/pages\/291\/revisions\/630"}],"wp:attachment":[{"href":"https:\/\/adsh-hg.org\/index.php?rest_route=%2Fwp%2Fv2%2Fmedia&parent=291"}],"curies":[{"name":"wp","href":"https:\/\/api.w.org\/{rel}","templated":true}]}}