{"id":654,"date":"2023-02-14T16:53:07","date_gmt":"2023-02-14T15:53:07","guid":{"rendered":"https:\/\/adsh-hg.org\/?page_id=654"},"modified":"2023-02-23T18:58:55","modified_gmt":"2023-02-23T17:58:55","slug":"activites-2022","status":"publish","type":"page","link":"https:\/\/adsh-hg.org\/?page_id=654","title":{"rendered":"Activit\u00e9s 2022"},"content":{"rendered":"<p><strong><u>ADSH-HG\u00a0: R\u00e9sum\u00e9 des activit\u00e9s 2022<\/u><\/strong><\/p>\n<p>Participation aux r\u00e9unions mensuelles du Bureau de la <a href=\"https:\/\/www.gironde.fr\/environnement\/commission-locale-d-information-nucleaire-clin\">CLIN<\/a> \u00e0 Bordeaux et Civrac suivie par Bernard BELAIR, dont une visite de la Centrale Nucl\u00e9aire de GOLFECH<\/p>\n<p>Tenue de l\u2019Assembl\u00e9e G\u00e9n\u00e9rale Ordinaire de l\u2019ADSH-HG \u00e0 Gauriac le 19\/02\/2022<\/p>\n<p>Participation aux Assembl\u00e9es G\u00e9n\u00e9rales de la CLIN \u00e0 Bordeaux<\/p>\n<p>Participation aux R\u00e9unions Publiques d\u2019Information de la CLIN dont celle de Saint-Andr\u00e9-de-Cubzac et Braud-et-Saint-Louis<\/p>\n<p>Participations \u00e0 la Commission Locale d\u2019Information (ou CCSS) concernant les usines SEVESO d\u2019Amb\u00e9s et de Pauillac<\/p>\n<p>Participation aux \u00c9tats g\u00e9n\u00e9raux des Riverains\u00a0 (<a href=\"https:\/\/alertepesticideshautegironde.fr\/\">Alerte Pesticides Haute Gironde<\/a>)<\/p>\n<p>Participation au <a href=\"https:\/\/www.gauriac.fr\/index.php\/mairie\/urbanisme\/plan-de-gestion-du-mugron.html\">Plan de Gestion du MUGRON<\/a><\/p>\n","protected":false},"excerpt":{"rendered":"<p>ADSH-HG\u00a0: R\u00e9sum\u00e9 des activit\u00e9s 2022 Participation aux r\u00e9unions mensuelles du Bureau de la CLIN \u00e0 Bordeaux et Civrac suivie par Bernard BELAIR, dont une visite de la Centrale Nucl\u00e9aire de GOLFECH Tenue de l\u2019Assembl\u00e9e G\u00e9n\u00e9rale Ordinaire de l\u2019ADSH-HG \u00e0 Gauriac &hellip; <a href=\"https:\/\/adsh-hg.org\/?page_id=654\">Continuer la lecture <span class=\"meta-nav\">&rarr;<\/span><\/a><\/p>\n","protected":false},"author":1,"featured_media":0,"parent":289,"menu_order":3,"comment_status":"open","ping_status":"closed","template":"","meta":{"footnotes":""},"class_list":["post-654","page","type-page","status-publish","hentry"],"_links":{"self":[{"href":"https:\/\/adsh-hg.org\/index.php?rest_route=\/wp\/v2\/pages\/654","targetHints":{"allow":["GET"]}}],"collection":[{"href":"https:\/\/adsh-hg.org\/index.php?rest_route=\/wp\/v2\/pages"}],"about":[{"href":"https:\/\/adsh-hg.org\/index.php?rest_route=\/wp\/v2\/types\/page"}],"author":[{"embeddable":true,"href":"https:\/\/adsh-hg.org\/index.php?rest_route=\/wp\/v2\/users\/1"}],"replies":[{"embeddable":true,"href":"https:\/\/adsh-hg.org\/index.php?rest_route=%2Fwp%2Fv2%2Fcomments&post=654"}],"version-history":[{"count":5,"href":"https:\/\/adsh-hg.org\/index.php?rest_route=\/wp\/v2\/pages\/654\/revisions"}],"predecessor-version":[{"id":696,"href":"https:\/\/adsh-hg.org\/index.php?rest_route=\/wp\/v2\/pages\/654\/revisions\/696"}],"up":[{"embeddable":true,"href":"https:\/\/adsh-hg.org\/index.php?rest_route=\/wp\/v2\/pages\/289"}],"wp:attachment":[{"href":"https:\/\/adsh-hg.org\/index.php?rest_route=%2Fwp%2Fv2%2Fmedia&parent=654"}],"curies":[{"name":"wp","href":"https:\/\/api.w.org\/{rel}","templated":true}]}}