{"id":846,"date":"2023-11-04T11:54:25","date_gmt":"2023-11-04T10:54:25","guid":{"rendered":"https:\/\/adsh-hg.org\/?page_id=846"},"modified":"2026-03-30T16:22:02","modified_gmt":"2026-03-30T14:22:02","slug":"lu-dans-la-presse","status":"publish","type":"page","link":"https:\/\/adsh-hg.org\/?page_id=846","title":{"rendered":"S&rsquo;informer"},"content":{"rendered":"<h2 class=\"h1_33\"><strong><a href=\"https:\/\/reporterre.net\/Jusqu-a-650-milliards-d-euros-la-relance-du-nucleaire-est-une-bombe-budgetaire\" target=\"_blank\" rel=\"noopener\">\u00ab<small class=\"fine d-inline\">\u00a0<\/small>Jusqu\u2019\u00e0 650 milliards d\u2019euros<small class=\"fine d-inline\">\u00a0<\/small>\u00bb, la relance du nucl\u00e9aire est une bombe budg\u00e9taire<\/a><\/strong><\/h2>\n<h2><strong>E<a href=\"https:\/\/france3-regions.franceinfo.fr\/normandie\/manche\/epr-de-flamanville-une-puissance-bridee-jusqu-en-2031-et-15-millions-d-euros-perdus-chaque-annee-3230450.html\" target=\"_blank\" rel=\"noopener\">PR de Flamanville : une puissance brid\u00e9e jusqu\u2019en 2031 et 15 millions d\u2019euros perdus chaque ann\u00e9e ?<\/a><\/strong><\/h2>\n<h2 class=\"legacy entry-title instapaper_title\"><strong><a href=\"https:\/\/theconversation.com\/quinze-ans-apres-laccident-nucleaire-de-fukushima-les-lecons-dune-crise-environnementale-et-sociale-275625\" target=\"_blank\" rel=\"noopener\">Quinze\u00a0ans apr\u00e8s l\u2019accident nucl\u00e9aire de Fukushima, les le\u00e7ons d\u2019une crise environnementale et\u00a0sociale<\/a><\/strong><\/h2>\n<h2 class=\"h1_33\"><strong><a href=\"https:\/\/reporterre.net\/Les-megafermes-a-saumons-ou-quand-les-industriels-se-prennent-pour-des-dieux\" target=\"_blank\" rel=\"noopener\">Les m\u00e9gafermes \u00e0 saumons, ou quand les \u00ab<small class=\"fine d-inline\">\u00a0<\/small>industriels se prennent pour des dieux<small class=\"fine d-inline\">\u00a0<\/small>\u00bb<\/a><\/strong><\/h2>\n<h2 class=\"h1_20\"><strong><a href=\"https:\/\/reporterre.net\/Megaferme-de-saumons-avis-favorable-malgre-les-risques-de-pollution-en-Gironde\" target=\"_blank\" rel=\"noopener\">M\u00e9gaferme de saumons\u00a0: avis favorable malgr\u00e9 les risques de pollution en Gironde<\/a><\/strong><\/h2>\n<h2 id=\"title-article\" class=\"small-font\"><strong><a href=\"https:\/\/www.lecanardenchaine.fr\/environnement\/53311-le-cri-du-krill-d-antarctique\" target=\"_blank\" rel=\"noopener\"><span class=\"title-optimized__title title--1\">Le cri du krill d\u2019Antarctique<\/span><\/a><\/strong><\/h2>\n<h2><strong><a href=\"https:\/\/adsh-hg.org\/wp-content\/uploads\/2026\/03\/PPE.jpeg\">Des lendemains pas si rayonnants pour l\u2019\u00e9nergie fran\u00e7aise<\/a><\/strong><\/h2>\n<h2><\/h2>\n<h3 class=\"tdb-title-text\"><a href=\"https:\/\/www.mobeez.fr\/actualites\/14985\/le-monde-veut-cette-energie-que-la-france-exploite-depuis-60-ans-produisant-600-milliards-de-watt-un-tresor-national-qui-produit-plus-de-150-millions-deuros-par-an\/\" target=\"_blank\" rel=\"noopener\">Le monde veut cette \u00e9nergie que la France exploite depuis 60 ans produisant 600 milliards de watts, un tr\u00e9sor national qui produit plus de 150 millions d\u2019euros par an<\/a><\/h3>\n<p><a href=\"https:\/\/infolettre.reporterre.net\/infolettre\/20241113-quotidienne\/\" target=\"_blank\" rel=\"noopener\"><img loading=\"lazy\" decoding=\"async\" class=\"alignnone wp-image-1059 size-medium\" src=\"https:\/\/adsh-hg.org\/wp-content\/uploads\/2024\/11\/Capture-decran-2024-11-13-a-18.33.54-300x76.png\" alt=\"\" width=\"300\" height=\"76\" srcset=\"https:\/\/adsh-hg.org\/wp-content\/uploads\/2024\/11\/Capture-decran-2024-11-13-a-18.33.54-300x76.png 300w, https:\/\/adsh-hg.org\/wp-content\/uploads\/2024\/11\/Capture-decran-2024-11-13-a-18.33.54.png 756w\" sizes=\"auto, (max-width: 300px) 100vw, 300px\" \/><\/a><\/p>\n<p>\u00a0<\/p>\n<p><a href=\"https:\/\/adsh-hg.org\/wp-content\/uploads\/2023\/11\/2023_10_25_Penser_autrement_les_chimeres_du_nucleaire_Telerama.pdf\"><img loading=\"lazy\" decoding=\"async\" class=\"wp-image-853 alignleft\" src=\"https:\/\/adsh-hg.org\/wp-content\/uploads\/2023\/11\/Capture-decran-2023-11-04-a-12.15.14-300x283.png\" alt=\"\" width=\"117\" height=\"110\" srcset=\"https:\/\/adsh-hg.org\/wp-content\/uploads\/2023\/11\/Capture-decran-2023-11-04-a-12.15.14-300x283.png 300w, https:\/\/adsh-hg.org\/wp-content\/uploads\/2023\/11\/Capture-decran-2023-11-04-a-12.15.14-1024x965.png 1024w, https:\/\/adsh-hg.org\/wp-content\/uploads\/2023\/11\/Capture-decran-2023-11-04-a-12.15.14-768x724.png 768w, https:\/\/adsh-hg.org\/wp-content\/uploads\/2023\/11\/Capture-decran-2023-11-04-a-12.15.14.png 1258w\" sizes=\"auto, (max-width: 117px) 100vw, 117px\" \/>Pour une r\u00e9flexion g\u00e9n\u00e9rale sur le nucl\u00e9aire\u2026par un physicien: <\/a><a href=\"https:\/\/fr.wikipedia.org\/wiki\/Harry_Bernas\">Harry BERNAS<\/a><\/p>\n<p>\u00a0<\/p>\n<p>\u00a0<\/p>\n<p><a href=\"https:\/\/adsh-hg.org\/wp-content\/uploads\/2024\/01\/ap_ina_126.pdf\" target=\"_blank\" rel=\"noopener\"><img loading=\"lazy\" decoding=\"async\" class=\"alignnone wp-image-890\" src=\"https:\/\/adsh-hg.org\/wp-content\/uploads\/2024\/01\/Capture-decran-2024-01-04-a-16.34.55-300x213.png\" alt=\"\" width=\"414\" height=\"294\" srcset=\"https:\/\/adsh-hg.org\/wp-content\/uploads\/2024\/01\/Capture-decran-2024-01-04-a-16.34.55-300x213.png 300w, https:\/\/adsh-hg.org\/wp-content\/uploads\/2024\/01\/Capture-decran-2024-01-04-a-16.34.55-1024x728.png 1024w, https:\/\/adsh-hg.org\/wp-content\/uploads\/2024\/01\/Capture-decran-2024-01-04-a-16.34.55-768x546.png 768w, https:\/\/adsh-hg.org\/wp-content\/uploads\/2024\/01\/Capture-decran-2024-01-04-a-16.34.55.png 1306w\" sizes=\"auto, (max-width: 414px) 100vw, 414px\" \/><\/a><\/p>\n<div id=\"attachment_895\" style=\"width: 480px\" class=\"wp-caption alignnone\"><a href=\"https:\/\/www.asn.fr\/l-asn-informe\/publications\/les-cahiers-de-l-asn\/les-cahiers-de-l-asn-n-4\" target=\"_blank\" rel=\"noopener\"><img loading=\"lazy\" decoding=\"async\" aria-describedby=\"caption-attachment-895\" class=\"wp-image-895\" title=\"Les enjeux du d\u00e9mant\u00e8lement\" src=\"https:\/\/adsh-hg.org\/wp-content\/uploads\/2024\/01\/Capture-decran-2024-01-04-a-16.45.40-1024x774.png\" alt=\"\" width=\"470\" height=\"355\" srcset=\"https:\/\/adsh-hg.org\/wp-content\/uploads\/2024\/01\/Capture-decran-2024-01-04-a-16.45.40-1024x774.png 1024w, https:\/\/adsh-hg.org\/wp-content\/uploads\/2024\/01\/Capture-decran-2024-01-04-a-16.45.40-300x227.png 300w, https:\/\/adsh-hg.org\/wp-content\/uploads\/2024\/01\/Capture-decran-2024-01-04-a-16.45.40-768x580.png 768w, https:\/\/adsh-hg.org\/wp-content\/uploads\/2024\/01\/Capture-decran-2024-01-04-a-16.45.40.png 1300w\" sizes=\"auto, (max-width: 470px) 100vw, 470px\" \/><\/a><p id=\"caption-attachment-895\" class=\"wp-caption-text\">Les enjeux du d\u00e9mant\u00e8lement<\/p><\/div>\n<div id=\"attachment_897\" style=\"width: 378px\" class=\"wp-caption alignnone\"><a href=\"https:\/\/www.gironde.gouv.fr\/contenu\/telechargement\/54446\/365310\/file\/Dossier+D%C3%A9partemental+des+Risques+Majeurs_DDRM-2021_Gironde_Risque_Nucleaire.pdf\" target=\"_blank\" rel=\"noopener\"><img loading=\"lazy\" decoding=\"async\" aria-describedby=\"caption-attachment-897\" class=\"wp-image-897\" title=\"Extension du PPI de la centrale du Blayais \u00e0 20 km\" src=\"https:\/\/adsh-hg.org\/wp-content\/uploads\/2024\/01\/Capture-decran-2024-01-04-a-16.58.00-235x300.png\" alt=\"\" width=\"368\" height=\"470\" srcset=\"https:\/\/adsh-hg.org\/wp-content\/uploads\/2024\/01\/Capture-decran-2024-01-04-a-16.58.00-235x300.png 235w, https:\/\/adsh-hg.org\/wp-content\/uploads\/2024\/01\/Capture-decran-2024-01-04-a-16.58.00-802x1024.png 802w, https:\/\/adsh-hg.org\/wp-content\/uploads\/2024\/01\/Capture-decran-2024-01-04-a-16.58.00-768x980.png 768w, https:\/\/adsh-hg.org\/wp-content\/uploads\/2024\/01\/Capture-decran-2024-01-04-a-16.58.00-1203x1536.png 1203w, https:\/\/adsh-hg.org\/wp-content\/uploads\/2024\/01\/Capture-decran-2024-01-04-a-16.58.00.png 1592w\" sizes=\"auto, (max-width: 368px) 100vw, 368px\" \/><\/a><p id=\"caption-attachment-897\" class=\"wp-caption-text\">Extension du PPI de la centrale du Blayais \u00e0 20 km<\/p><\/div>\n<div id=\"attachment_900\" style=\"width: 269px\" class=\"wp-caption alignnone\"><a href=\"https:\/\/adsh-hg.org\/wp-content\/uploads\/2024\/01\/Capture-decran-2024-01-04-a-17.04.12.png\"><img loading=\"lazy\" decoding=\"async\" aria-describedby=\"caption-attachment-900\" class=\"wp-image-900 size-medium\" title=\"zones potentiellement touchees en cas d'accident nucl\u00e9aire en france\" src=\"https:\/\/adsh-hg.org\/wp-content\/uploads\/2024\/01\/Capture-decran-2024-01-04-a-17.04.12-259x300.png\" alt=\"\" width=\"259\" height=\"300\" srcset=\"https:\/\/adsh-hg.org\/wp-content\/uploads\/2024\/01\/Capture-decran-2024-01-04-a-17.04.12-259x300.png 259w, https:\/\/adsh-hg.org\/wp-content\/uploads\/2024\/01\/Capture-decran-2024-01-04-a-17.04.12-885x1024.png 885w, https:\/\/adsh-hg.org\/wp-content\/uploads\/2024\/01\/Capture-decran-2024-01-04-a-17.04.12-768x889.png 768w, https:\/\/adsh-hg.org\/wp-content\/uploads\/2024\/01\/Capture-decran-2024-01-04-a-17.04.12-1328x1536.png 1328w, https:\/\/adsh-hg.org\/wp-content\/uploads\/2024\/01\/Capture-decran-2024-01-04-a-17.04.12.png 1490w\" sizes=\"auto, (max-width: 259px) 100vw, 259px\" \/><\/a><p id=\"caption-attachment-900\" class=\"wp-caption-text\">zones potentiellement touch\u00e9es en cas d\u2019accident nucl\u00e9aire en France<\/p><\/div>\n","protected":false},"excerpt":{"rendered":"<p>\u00ab\u00a0Jusqu\u2019\u00e0 650 milliards d\u2019euros\u00a0\u00bb, la relance du nucl\u00e9aire est une bombe budg\u00e9taire EPR de Flamanville : une puissance brid\u00e9e jusqu\u2019en 2031 et 15 millions d\u2019euros perdus chaque ann\u00e9e ? Quinze\u00a0ans apr\u00e8s l\u2019accident nucl\u00e9aire de Fukushima, les le\u00e7ons d\u2019une crise environnementale &hellip; <a href=\"https:\/\/adsh-hg.org\/?page_id=846\">Continuer la lecture <span class=\"meta-nav\">&rarr;<\/span><\/a><\/p>\n","protected":false},"author":1,"featured_media":0,"parent":0,"menu_order":0,"comment_status":"closed","ping_status":"closed","template":"","meta":{"footnotes":""},"class_list":["post-846","page","type-page","status-publish","hentry"],"_links":{"self":[{"href":"https:\/\/adsh-hg.org\/index.php?rest_route=\/wp\/v2\/pages\/846","targetHints":{"allow":["GET"]}}],"collection":[{"href":"https:\/\/adsh-hg.org\/index.php?rest_route=\/wp\/v2\/pages"}],"about":[{"href":"https:\/\/adsh-hg.org\/index.php?rest_route=\/wp\/v2\/types\/page"}],"author":[{"embeddable":true,"href":"https:\/\/adsh-hg.org\/index.php?rest_route=\/wp\/v2\/users\/1"}],"replies":[{"embeddable":true,"href":"https:\/\/adsh-hg.org\/index.php?rest_route=%2Fwp%2Fv2%2Fcomments&post=846"}],"version-history":[{"count":22,"href":"https:\/\/adsh-hg.org\/index.php?rest_route=\/wp\/v2\/pages\/846\/revisions"}],"predecessor-version":[{"id":1316,"href":"https:\/\/adsh-hg.org\/index.php?rest_route=\/wp\/v2\/pages\/846\/revisions\/1316"}],"wp:attachment":[{"href":"https:\/\/adsh-hg.org\/index.php?rest_route=%2Fwp%2Fv2%2Fmedia&parent=846"}],"curies":[{"name":"wp","href":"https:\/\/api.w.org\/{rel}","templated":true}]}}