{"id":921,"date":"2024-01-05T18:18:50","date_gmt":"2024-01-05T17:18:50","guid":{"rendered":"https:\/\/adsh-hg.org\/?page_id=921"},"modified":"2024-01-22T16:55:46","modified_gmt":"2024-01-22T15:55:46","slug":"autorite-de-surete-nucleaire","status":"publish","type":"page","link":"https:\/\/adsh-hg.org\/?page_id=921","title":{"rendered":"Autorit\u00e9 de Suret\u00e9 Nucl\u00e9aire"},"content":{"rendered":"<p>L\u2019Autorit\u00e9 de Suret\u00e9 Nucl\u00e9aire(ASN) a publi\u00e9 une info sur une anomalie (\u00e9v\u00e9nement significatif de niveau 1 sur l\u2019\u00e9chelle INES) d\u00e9clar\u00e9e par le CNPE du Blayais le 28 d\u00e9cembre 2023 et publi\u00e9 le 5 janvier 2024 concernant une d\u00e9tection tardive d\u2019un r\u00e9glage insatisfaisant des capteurs de survitesse de quatre groupes \u00e9lectrog\u00e8nes de secours<\/p>\n<p><a class=\"\" href=\"https:\/\/www.asn.fr\/l-asn-controle\/actualites-du-controle\/installations-nucleaires\/avis-d-incident-des-installations-nucleaires\/detection-tardive-d-un-reglage-insatisfaisant-des-capteurs-de-survitesse\">https:\/\/www.asn.fr\/l-asn-controle\/actualites-du-controle\/installations-nucleaires\/avis-d-incident-des-installations-nucleaires\/detection-tardive-d-un-reglage-insatisfaisant-des-capteurs-de-survitesse<\/a><\/p>\n<h1 class=\"ArticleHeader-title\"><a href=\"https:\/\/www.asn.fr\/l-asn-controle\/actualites-du-controle\/installations-nucleaires\/avis-d-incident-des-installations-nucleaires\/reglage-incorrect-d-une-soupape-du-circuit-secondaire-principal2\" target=\"_blank\" rel=\"noopener\">R\u00e9glage incorrect d\u2019une soupape du circuit secondaire principal<\/a><\/h1>\n<p>\u00a0<\/p>\n<p>\u00a0<\/p>\n<p>\u00a0<\/p>\n","protected":false},"excerpt":{"rendered":"<p>L\u2019Autorit\u00e9 de Suret\u00e9 Nucl\u00e9aire(ASN) a publi\u00e9 une info sur une anomalie (\u00e9v\u00e9nement significatif de niveau 1 sur l\u2019\u00e9chelle INES) d\u00e9clar\u00e9e par le CNPE du Blayais le 28 d\u00e9cembre 2023 et publi\u00e9 le 5 janvier 2024 concernant une d\u00e9tection tardive d\u2019un &hellip; <a href=\"https:\/\/adsh-hg.org\/?page_id=921\">Continuer la lecture <span class=\"meta-nav\">&rarr;<\/span><\/a><\/p>\n","protected":false},"author":1,"featured_media":0,"parent":0,"menu_order":0,"comment_status":"closed","ping_status":"closed","template":"elementor_header_footer","meta":{"footnotes":""},"class_list":["post-921","page","type-page","status-publish","hentry"],"_links":{"self":[{"href":"https:\/\/adsh-hg.org\/index.php?rest_route=\/wp\/v2\/pages\/921","targetHints":{"allow":["GET"]}}],"collection":[{"href":"https:\/\/adsh-hg.org\/index.php?rest_route=\/wp\/v2\/pages"}],"about":[{"href":"https:\/\/adsh-hg.org\/index.php?rest_route=\/wp\/v2\/types\/page"}],"author":[{"embeddable":true,"href":"https:\/\/adsh-hg.org\/index.php?rest_route=\/wp\/v2\/users\/1"}],"replies":[{"embeddable":true,"href":"https:\/\/adsh-hg.org\/index.php?rest_route=%2Fwp%2Fv2%2Fcomments&post=921"}],"version-history":[{"count":6,"href":"https:\/\/adsh-hg.org\/index.php?rest_route=\/wp\/v2\/pages\/921\/revisions"}],"predecessor-version":[{"id":968,"href":"https:\/\/adsh-hg.org\/index.php?rest_route=\/wp\/v2\/pages\/921\/revisions\/968"}],"wp:attachment":[{"href":"https:\/\/adsh-hg.org\/index.php?rest_route=%2Fwp%2Fv2%2Fmedia&parent=921"}],"curies":[{"name":"wp","href":"https:\/\/api.w.org\/{rel}","templated":true}]}}